{"id":3529,"date":"2023-01-30T13:30:52","date_gmt":"2023-01-30T13:30:52","guid":{"rendered":"https:\/\/gravador.ee\/?post_type=product&#038;p=3529"},"modified":"2023-01-30T13:32:33","modified_gmt":"2023-01-30T13:32:33","slug":"bl-soc2-jalgpalliauhind","status":"publish","type":"product","link":"https:\/\/gravador.ee\/fi\/tuote\/bl-soc2-jalgpalliauhind\/","title":{"rendered":"BL-SOC2 jalkapallopalkinto"},"content":{"rendered":"<p>5mm metallilehest v\u00e4lja l\u00f5igatud, kuldseks v\u00e4rvitud jalgpalliputsa.<\/p>\n<p>Mustal marmoralusel. Alusele saame teha sildi.<\/p>\n<p>29cm k\u00f5rge.<\/p>\n<p>Raske asi- kaalub 1,7 kg<\/p>","protected":false},"excerpt":{"rendered":"<p>5mm metallilehest v\u00e4lja l\u00f5igatud, kuldseks v\u00e4rvitud jalgpalliputsa. Mustal marmoralusel. Alusele saame teha sildi. 29cm k\u00f5rge. Raske asi- kaalub 1,7 kg<\/p>","protected":false},"featured_media":3525,"comment_status":"open","ping_status":"closed","template":"","meta":{"site-sidebar-layout":"default","site-content-layout":"default","ast-site-content-layout":"default","site-content-style":"default","site-sidebar-style":"default","ast-global-header-display":"","ast-banner-title-visibility":"","ast-main-header-display":"","ast-hfb-above-header-display":"","ast-hfb-below-header-display":"","ast-hfb-mobile-header-display":"","site-post-title":"","ast-breadcrumbs-content":"","ast-featured-img":"","footer-sml-layout":"","ast-disable-related-posts":"","theme-transparent-header-meta":"default","adv-header-id-meta":"","stick-header-meta":"","header-above-stick-meta":"","header-main-stick-meta":"","header-below-stick-meta":"","astra-migrate-meta-layouts":"default","ast-page-background-enabled":"default","ast-page-background-meta":{"desktop":{"background-color":"","background-image":"","background-repeat":"repeat","background-position":"center center","background-size":"auto","background-attachment":"scroll","background-type":"","background-media":"","overlay-type":"","overlay-color":"","overlay-opacity":"","overlay-gradient":""},"tablet":{"background-color":"","background-image":"","background-repeat":"repeat","background-position":"center center","background-size":"auto","background-attachment":"scroll","background-type":"","background-media":"","overlay-type":"","overlay-color":"","overlay-opacity":"","overlay-gradient":""},"mobile":{"background-color":"","background-image":"","background-repeat":"repeat","background-position":"center center","background-size":"auto","background-attachment":"scroll","background-type":"","background-media":"","overlay-type":"","overlay-color":"","overlay-opacity":"","overlay-gradient":""}},"ast-content-background-meta":{"desktop":{"background-color":"var(--ast-global-color-5)","background-image":"","background-repeat":"repeat","background-position":"center center","background-size":"auto","background-attachment":"scroll","background-type":"","background-media":"","overlay-type":"","overlay-color":"","overlay-opacity":"","overlay-gradient":""},"tablet":{"background-color":"var(--ast-global-color-5)","background-image":"","background-repeat":"repeat","background-position":"center center","background-size":"auto","background-attachment":"scroll","background-type":"","background-media":"","overlay-type":"","overlay-color":"","overlay-opacity":"","overlay-gradient":""},"mobile":{"background-color":"var(--ast-global-color-5)","background-image":"","background-repeat":"repeat","background-position":"center center","background-size":"auto","background-attachment":"scroll","background-type":"","background-media":"","overlay-type":"","overlay-color":"","overlay-opacity":"","overlay-gradient":""}}},"product_brand":[],"product_cat":[63],"product_tag":[73,44,74],"class_list":{"0":"post-3529","1":"product","2":"type-product","3":"status-publish","4":"has-post-thumbnail","6":"product_cat-kujud","7":"product_tag-jalgpall","8":"product_tag-metallauhind","9":"product_tag-putsa","10":"desktop-align-left","11":"tablet-align-left","12":"mobile-align-left","14":"first","15":"onbackorder","16":"taxable","17":"shipping-taxable","18":"purchasable","19":"product-type-simple"},"yoast_head":"<!-- This site is optimized with the Yoast SEO plugin v27.4 - https:\/\/yoast.com\/product\/yoast-seo-wordpress\/ -->\n<title>BL-SOC2 jalgpalliauhind - Gravador<\/title>\n<meta name=\"robots\" content=\"index, follow, max-snippet:-1, max-image-preview:large, max-video-preview:-1\" \/>\n<link rel=\"canonical\" href=\"https:\/\/gravador.ee\/fi\/tuote\/bl-soc2-jalgpalliauhind\/\" \/>\n<meta property=\"og:locale\" content=\"fi_FI\" \/>\n<meta property=\"og:type\" content=\"article\" \/>\n<meta property=\"og:title\" content=\"BL-SOC2 jalgpalliauhind - Gravador\" \/>\n<meta property=\"og:description\" content=\"5mm metallilehest v\u00e4lja l\u00f5igatud, kuldseks v\u00e4rvitud jalgpalliputsa. Mustal marmoralusel. Alusele saame teha sildi. 29cm k\u00f5rge. Raske asi- kaalub 1,7 kg\" \/>\n<meta property=\"og:url\" content=\"https:\/\/gravador.ee\/fi\/tuote\/bl-soc2-jalgpalliauhind\/\" \/>\n<meta property=\"og:site_name\" content=\"Gravador\" \/>\n<meta property=\"article:modified_time\" content=\"2023-01-30T13:32:33+00:00\" \/>\n<meta property=\"og:image\" content=\"https:\/\/gravador.ee\/wp-content\/uploads\/2023\/01\/BL-SOC2.jpg\" \/>\n\t<meta property=\"og:image:width\" content=\"400\" \/>\n\t<meta property=\"og:image:height\" content=\"518\" \/>\n\t<meta property=\"og:image:type\" content=\"image\/jpeg\" \/>\n<meta name=\"twitter:card\" content=\"summary_large_image\" \/>\n<script type=\"application\/ld+json\" class=\"yoast-schema-graph\">{\"@context\":\"https:\\\/\\\/schema.org\",\"@graph\":[{\"@type\":\"WebPage\",\"@id\":\"https:\\\/\\\/gravador.ee\\\/toode\\\/bl-soc2-jalgpalliauhind\\\/\",\"url\":\"https:\\\/\\\/gravador.ee\\\/toode\\\/bl-soc2-jalgpalliauhind\\\/\",\"name\":\"BL-SOC2 jalgpalliauhind - Gravador\",\"isPartOf\":{\"@id\":\"https:\\\/\\\/gravador.ee\\\/#website\"},\"primaryImageOfPage\":{\"@id\":\"https:\\\/\\\/gravador.ee\\\/toode\\\/bl-soc2-jalgpalliauhind\\\/#primaryimage\"},\"image\":{\"@id\":\"https:\\\/\\\/gravador.ee\\\/toode\\\/bl-soc2-jalgpalliauhind\\\/#primaryimage\"},\"thumbnailUrl\":\"https:\\\/\\\/gravador.ee\\\/wp-content\\\/uploads\\\/2023\\\/01\\\/BL-SOC2.jpg\",\"datePublished\":\"2023-01-30T13:30:52+00:00\",\"dateModified\":\"2023-01-30T13:32:33+00:00\",\"breadcrumb\":{\"@id\":\"https:\\\/\\\/gravador.ee\\\/toode\\\/bl-soc2-jalgpalliauhind\\\/#breadcrumb\"},\"inLanguage\":\"fi\",\"potentialAction\":[{\"@type\":\"ReadAction\",\"target\":[\"https:\\\/\\\/gravador.ee\\\/toode\\\/bl-soc2-jalgpalliauhind\\\/\"]}]},{\"@type\":\"ImageObject\",\"inLanguage\":\"fi\",\"@id\":\"https:\\\/\\\/gravador.ee\\\/toode\\\/bl-soc2-jalgpalliauhind\\\/#primaryimage\",\"url\":\"https:\\\/\\\/gravador.ee\\\/wp-content\\\/uploads\\\/2023\\\/01\\\/BL-SOC2.jpg\",\"contentUrl\":\"https:\\\/\\\/gravador.ee\\\/wp-content\\\/uploads\\\/2023\\\/01\\\/BL-SOC2.jpg\",\"width\":400,\"height\":518},{\"@type\":\"BreadcrumbList\",\"@id\":\"https:\\\/\\\/gravador.ee\\\/toode\\\/bl-soc2-jalgpalliauhind\\\/#breadcrumb\",\"itemListElement\":[{\"@type\":\"ListItem\",\"position\":1,\"name\":\"Home\",\"item\":\"https:\\\/\\\/gravador.ee\\\/\"},{\"@type\":\"ListItem\",\"position\":2,\"name\":\"Pood\",\"item\":\"https:\\\/\\\/gravador.ee\\\/pood\\\/\"},{\"@type\":\"ListItem\",\"position\":3,\"name\":\"BL-SOC2 jalgpalliauhind\"}]},{\"@type\":\"WebSite\",\"@id\":\"https:\\\/\\\/gravador.ee\\\/#website\",\"url\":\"https:\\\/\\\/gravador.ee\\\/\",\"name\":\"Gravador\",\"description\":\"Graveerimine, sildid, auhinnad\",\"publisher\":{\"@id\":\"https:\\\/\\\/gravador.ee\\\/#organization\"},\"potentialAction\":[{\"@type\":\"SearchAction\",\"target\":{\"@type\":\"EntryPoint\",\"urlTemplate\":\"https:\\\/\\\/gravador.ee\\\/?s={search_term_string}\"},\"query-input\":{\"@type\":\"PropertyValueSpecification\",\"valueRequired\":true,\"valueName\":\"search_term_string\"}}],\"inLanguage\":\"fi\"},{\"@type\":\"Organization\",\"@id\":\"https:\\\/\\\/gravador.ee\\\/#organization\",\"name\":\"Gravador\",\"url\":\"https:\\\/\\\/gravador.ee\\\/\",\"logo\":{\"@type\":\"ImageObject\",\"inLanguage\":\"fi\",\"@id\":\"https:\\\/\\\/gravador.ee\\\/#\\\/schema\\\/logo\\\/image\\\/\",\"url\":\"https:\\\/\\\/gravador.ee\\\/wp-content\\\/uploads\\\/2020\\\/02\\\/gravador_logo_mk.png\",\"contentUrl\":\"https:\\\/\\\/gravador.ee\\\/wp-content\\\/uploads\\\/2020\\\/02\\\/gravador_logo_mk.png\",\"width\":612,\"height\":309,\"caption\":\"Gravador\"},\"image\":{\"@id\":\"https:\\\/\\\/gravador.ee\\\/#\\\/schema\\\/logo\\\/image\\\/\"}}]}<\/script>\n<!-- \/ Yoast SEO plugin. -->","yoast_head_json":{"title":"BL-SOC2 jalgpalliauhind - Gravador","robots":{"index":"index","follow":"follow","max-snippet":"max-snippet:-1","max-image-preview":"max-image-preview:large","max-video-preview":"max-video-preview:-1"},"canonical":"https:\/\/gravador.ee\/fi\/tuote\/bl-soc2-jalgpalliauhind\/","og_locale":"fi_FI","og_type":"article","og_title":"BL-SOC2 jalgpalliauhind - Gravador","og_description":"5mm metallilehest v\u00e4lja l\u00f5igatud, kuldseks v\u00e4rvitud jalgpalliputsa. Mustal marmoralusel. Alusele saame teha sildi. 29cm k\u00f5rge. Raske asi- kaalub 1,7 kg","og_url":"https:\/\/gravador.ee\/fi\/tuote\/bl-soc2-jalgpalliauhind\/","og_site_name":"Gravador","article_modified_time":"2023-01-30T13:32:33+00:00","og_image":[{"width":400,"height":518,"url":"https:\/\/gravador.ee\/wp-content\/uploads\/2023\/01\/BL-SOC2.jpg","type":"image\/jpeg"}],"twitter_card":"summary_large_image","schema":{"@context":"https:\/\/schema.org","@graph":[{"@type":"WebPage","@id":"https:\/\/gravador.ee\/toode\/bl-soc2-jalgpalliauhind\/","url":"https:\/\/gravador.ee\/toode\/bl-soc2-jalgpalliauhind\/","name":"BL-SOC2 jalgpalliauhind - Gravador","isPartOf":{"@id":"https:\/\/gravador.ee\/#website"},"primaryImageOfPage":{"@id":"https:\/\/gravador.ee\/toode\/bl-soc2-jalgpalliauhind\/#primaryimage"},"image":{"@id":"https:\/\/gravador.ee\/toode\/bl-soc2-jalgpalliauhind\/#primaryimage"},"thumbnailUrl":"https:\/\/gravador.ee\/wp-content\/uploads\/2023\/01\/BL-SOC2.jpg","datePublished":"2023-01-30T13:30:52+00:00","dateModified":"2023-01-30T13:32:33+00:00","breadcrumb":{"@id":"https:\/\/gravador.ee\/toode\/bl-soc2-jalgpalliauhind\/#breadcrumb"},"inLanguage":"fi","potentialAction":[{"@type":"ReadAction","target":["https:\/\/gravador.ee\/toode\/bl-soc2-jalgpalliauhind\/"]}]},{"@type":"ImageObject","inLanguage":"fi","@id":"https:\/\/gravador.ee\/toode\/bl-soc2-jalgpalliauhind\/#primaryimage","url":"https:\/\/gravador.ee\/wp-content\/uploads\/2023\/01\/BL-SOC2.jpg","contentUrl":"https:\/\/gravador.ee\/wp-content\/uploads\/2023\/01\/BL-SOC2.jpg","width":400,"height":518},{"@type":"BreadcrumbList","@id":"https:\/\/gravador.ee\/toode\/bl-soc2-jalgpalliauhind\/#breadcrumb","itemListElement":[{"@type":"ListItem","position":1,"name":"Home","item":"https:\/\/gravador.ee\/"},{"@type":"ListItem","position":2,"name":"Pood","item":"https:\/\/gravador.ee\/pood\/"},{"@type":"ListItem","position":3,"name":"BL-SOC2 jalgpalliauhind"}]},{"@type":"WebSite","@id":"https:\/\/gravador.ee\/#website","url":"https:\/\/gravador.ee\/","name":"Gravador","description":"Graveerimine, sildid, auhinnad","publisher":{"@id":"https:\/\/gravador.ee\/#organization"},"potentialAction":[{"@type":"SearchAction","target":{"@type":"EntryPoint","urlTemplate":"https:\/\/gravador.ee\/?s={search_term_string}"},"query-input":{"@type":"PropertyValueSpecification","valueRequired":true,"valueName":"search_term_string"}}],"inLanguage":"fi"},{"@type":"Organization","@id":"https:\/\/gravador.ee\/#organization","name":"Gravador","url":"https:\/\/gravador.ee\/","logo":{"@type":"ImageObject","inLanguage":"fi","@id":"https:\/\/gravador.ee\/#\/schema\/logo\/image\/","url":"https:\/\/gravador.ee\/wp-content\/uploads\/2020\/02\/gravador_logo_mk.png","contentUrl":"https:\/\/gravador.ee\/wp-content\/uploads\/2020\/02\/gravador_logo_mk.png","width":612,"height":309,"caption":"Gravador"},"image":{"@id":"https:\/\/gravador.ee\/#\/schema\/logo\/image\/"}}]}},"jetpack_sharing_enabled":true,"_links":{"self":[{"href":"https:\/\/gravador.ee\/fi\/wp-json\/wp\/v2\/product\/3529","targetHints":{"allow":["GET"]}}],"collection":[{"href":"https:\/\/gravador.ee\/fi\/wp-json\/wp\/v2\/product"}],"about":[{"href":"https:\/\/gravador.ee\/fi\/wp-json\/wp\/v2\/types\/product"}],"replies":[{"embeddable":true,"href":"https:\/\/gravador.ee\/fi\/wp-json\/wp\/v2\/comments?post=3529"}],"wp:featuredmedia":[{"embeddable":true,"href":"https:\/\/gravador.ee\/fi\/wp-json\/wp\/v2\/media\/3525"}],"wp:attachment":[{"href":"https:\/\/gravador.ee\/fi\/wp-json\/wp\/v2\/media?parent=3529"}],"wp:term":[{"taxonomy":"product_brand","embeddable":true,"href":"https:\/\/gravador.ee\/fi\/wp-json\/wp\/v2\/product_brand?post=3529"},{"taxonomy":"product_cat","embeddable":true,"href":"https:\/\/gravador.ee\/fi\/wp-json\/wp\/v2\/product_cat?post=3529"},{"taxonomy":"product_tag","embeddable":true,"href":"https:\/\/gravador.ee\/fi\/wp-json\/wp\/v2\/product_tag?post=3529"}],"curies":[{"name":"wp","href":"https:\/\/api.w.org\/{rel}","templated":true}]}}