{"id":2513,"date":"2022-11-22T14:16:40","date_gmt":"2022-11-22T14:16:40","guid":{"rendered":"https:\/\/gravador.ee\/?post_type=product&#038;p=2513"},"modified":"2022-11-22T14:32:57","modified_gmt":"2022-11-22T14:32:57","slug":"uhevarviline-randmepael-personaalse-tekstiga-lapsele","status":"publish","type":"product","link":"https:\/\/gravador.ee\/fi\/tuote\/uhevarviline-randmepael-personaalse-tekstiga-lapsele\/","title":{"rendered":"Moniv\u00e4rinen lasten ranneke henkil\u00f6kohtaisella tekstill\u00e4"},"content":{"rendered":"<p>Mitmev\u00e4rviline randmepael lapsele, millele on v\u00f5imalik graveerida personaalne tekst. Mitmev\u00e4rvilise randmepaela tekst on n\u00e4htavam kui \u00fchev\u00e4rvilise randmepaela tekst.<\/p>\n<p>Selline randmepael sobib suurep\u00e4raselt kingiks p\u00e4rast korraldatud \u00fcritust, meeskondade loomiseks ja eristamiseks laagrip\u00e4eval, oluliseks informatsiooniallikaks l\u00e4hedase k\u00e4el v\u00f5i armsa s\u00f5numiga koolip\u00e4eval saatjaks.<\/p>\n<p>&nbsp;<\/p>\n<p>Suuremate tellimuste puhul, kirjutage hinnapakkumise saamiseks janne@gravador.ee<\/p>","protected":false},"excerpt":{"rendered":"<p>Mitmev\u00e4rviline randmepael lapsele, millele on v\u00f5imalik graveerida personaalne tekst. Mitmev\u00e4rvilise randmepaela tekst on n\u00e4htavam kui \u00fchev\u00e4rvilise randmepaela tekst. Selline randmepael sobib suurep\u00e4raselt kingiks p\u00e4rast korraldatud \u00fcritust, meeskondade loomiseks ja eristamiseks laagrip\u00e4eval, oluliseks informatsiooniallikaks l\u00e4hedase k\u00e4el v\u00f5i armsa s\u00f5numiga koolip\u00e4eval saatjaks. &nbsp; Suuremate tellimuste puhul, kirjutage hinnapakkumise saamiseks janne@gravador.ee<\/p>","protected":false},"featured_media":2522,"comment_status":"open","ping_status":"closed","template":"","meta":{"site-sidebar-layout":"default","site-content-layout":"default","ast-site-content-layout":"default","site-content-style":"default","site-sidebar-style":"default","ast-global-header-display":"","ast-banner-title-visibility":"","ast-main-header-display":"","ast-hfb-above-header-display":"","ast-hfb-below-header-display":"","ast-hfb-mobile-header-display":"","site-post-title":"","ast-breadcrumbs-content":"","ast-featured-img":"","footer-sml-layout":"","ast-disable-related-posts":"","theme-transparent-header-meta":"default","adv-header-id-meta":"","stick-header-meta":"","header-above-stick-meta":"","header-main-stick-meta":"","header-below-stick-meta":"","astra-migrate-meta-layouts":"default","ast-page-background-enabled":"default","ast-page-background-meta":{"desktop":{"background-color":"","background-image":"","background-repeat":"repeat","background-position":"center center","background-size":"auto","background-attachment":"scroll","background-type":"","background-media":"","overlay-type":"","overlay-color":"","overlay-opacity":"","overlay-gradient":""},"tablet":{"background-color":"","background-image":"","background-repeat":"repeat","background-position":"center center","background-size":"auto","background-attachment":"scroll","background-type":"","background-media":"","overlay-type":"","overlay-color":"","overlay-opacity":"","overlay-gradient":""},"mobile":{"background-color":"","background-image":"","background-repeat":"repeat","background-position":"center center","background-size":"auto","background-attachment":"scroll","background-type":"","background-media":"","overlay-type":"","overlay-color":"","overlay-opacity":"","overlay-gradient":""}},"ast-content-background-meta":{"desktop":{"background-color":"var(--ast-global-color-5)","background-image":"","background-repeat":"repeat","background-position":"center center","background-size":"auto","background-attachment":"scroll","background-type":"","background-media":"","overlay-type":"","overlay-color":"","overlay-opacity":"","overlay-gradient":""},"tablet":{"background-color":"var(--ast-global-color-5)","background-image":"","background-repeat":"repeat","background-position":"center center","background-size":"auto","background-attachment":"scroll","background-type":"","background-media":"","overlay-type":"","overlay-color":"","overlay-opacity":"","overlay-gradient":""},"mobile":{"background-color":"var(--ast-global-color-5)","background-image":"","background-repeat":"repeat","background-position":"center center","background-size":"auto","background-attachment":"scroll","background-type":"","background-media":"","overlay-type":"","overlay-color":"","overlay-opacity":"","overlay-gradient":""}}},"product_brand":[],"product_cat":[34],"product_tag":[],"class_list":{"0":"post-2513","1":"product","2":"type-product","3":"status-publish","4":"has-post-thumbnail","6":"product_cat-randmepaelad","7":"desktop-align-left","8":"tablet-align-left","9":"mobile-align-left","11":"first","12":"instock","13":"featured","14":"taxable","15":"shipping-taxable","16":"purchasable","17":"product-type-variable"},"yoast_head":"<!-- This site is optimized with the Yoast SEO plugin v27.4 - https:\/\/yoast.com\/product\/yoast-seo-wordpress\/ -->\n<title>Mitmev\u00e4rviline randmepael personaalse tekstiga lapsele - Gravador<\/title>\n<meta name=\"robots\" content=\"index, follow, max-snippet:-1, max-image-preview:large, max-video-preview:-1\" \/>\n<link rel=\"canonical\" href=\"https:\/\/gravador.ee\/fi\/tuote\/uhevarviline-randmepael-personaalse-tekstiga-lapsele\/\" \/>\n<meta property=\"og:locale\" content=\"fi_FI\" \/>\n<meta property=\"og:type\" content=\"article\" \/>\n<meta property=\"og:title\" content=\"Mitmev\u00e4rviline randmepael personaalse tekstiga lapsele - Gravador\" \/>\n<meta property=\"og:description\" content=\"Mitmev\u00e4rviline randmepael lapsele, millele on v\u00f5imalik graveerida personaalne tekst. Mitmev\u00e4rvilise randmepaela tekst on n\u00e4htavam kui \u00fchev\u00e4rvilise randmepaela tekst. Selline randmepael sobib suurep\u00e4raselt kingiks p\u00e4rast korraldatud \u00fcritust, meeskondade loomiseks ja eristamiseks laagrip\u00e4eval, oluliseks informatsiooniallikaks l\u00e4hedase k\u00e4el v\u00f5i armsa s\u00f5numiga koolip\u00e4eval saatjaks. &nbsp; Suuremate tellimuste puhul, kirjutage hinnapakkumise saamiseks janne@gravador.ee\" \/>\n<meta property=\"og:url\" content=\"https:\/\/gravador.ee\/fi\/tuote\/uhevarviline-randmepael-personaalse-tekstiga-lapsele\/\" \/>\n<meta property=\"og:site_name\" content=\"Gravador\" \/>\n<meta property=\"article:modified_time\" content=\"2022-11-22T14:32:57+00:00\" \/>\n<meta property=\"og:image\" content=\"https:\/\/gravador.ee\/wp-content\/uploads\/2022\/11\/acv_3099_50494222467_o-scaled.jpg\" \/>\n\t<meta property=\"og:image:width\" content=\"2560\" \/>\n\t<meta property=\"og:image:height\" content=\"1707\" \/>\n\t<meta property=\"og:image:type\" content=\"image\/jpeg\" \/>\n<meta name=\"twitter:card\" content=\"summary_large_image\" \/>\n<script type=\"application\/ld+json\" class=\"yoast-schema-graph\">{\"@context\":\"https:\\\/\\\/schema.org\",\"@graph\":[{\"@type\":\"WebPage\",\"@id\":\"https:\\\/\\\/gravador.ee\\\/toode\\\/uhevarviline-randmepael-personaalse-tekstiga-lapsele\\\/\",\"url\":\"https:\\\/\\\/gravador.ee\\\/toode\\\/uhevarviline-randmepael-personaalse-tekstiga-lapsele\\\/\",\"name\":\"Mitmev\u00e4rviline randmepael personaalse tekstiga lapsele - Gravador\",\"isPartOf\":{\"@id\":\"https:\\\/\\\/gravador.ee\\\/#website\"},\"primaryImageOfPage\":{\"@id\":\"https:\\\/\\\/gravador.ee\\\/toode\\\/uhevarviline-randmepael-personaalse-tekstiga-lapsele\\\/#primaryimage\"},\"image\":{\"@id\":\"https:\\\/\\\/gravador.ee\\\/toode\\\/uhevarviline-randmepael-personaalse-tekstiga-lapsele\\\/#primaryimage\"},\"thumbnailUrl\":\"https:\\\/\\\/gravador.ee\\\/wp-content\\\/uploads\\\/2022\\\/11\\\/acv_3099_50494222467_o-scaled.jpg\",\"datePublished\":\"2022-11-22T14:16:40+00:00\",\"dateModified\":\"2022-11-22T14:32:57+00:00\",\"breadcrumb\":{\"@id\":\"https:\\\/\\\/gravador.ee\\\/toode\\\/uhevarviline-randmepael-personaalse-tekstiga-lapsele\\\/#breadcrumb\"},\"inLanguage\":\"fi\",\"potentialAction\":[{\"@type\":\"ReadAction\",\"target\":[\"https:\\\/\\\/gravador.ee\\\/toode\\\/uhevarviline-randmepael-personaalse-tekstiga-lapsele\\\/\"]}]},{\"@type\":\"ImageObject\",\"inLanguage\":\"fi\",\"@id\":\"https:\\\/\\\/gravador.ee\\\/toode\\\/uhevarviline-randmepael-personaalse-tekstiga-lapsele\\\/#primaryimage\",\"url\":\"https:\\\/\\\/gravador.ee\\\/wp-content\\\/uploads\\\/2022\\\/11\\\/acv_3099_50494222467_o-scaled.jpg\",\"contentUrl\":\"https:\\\/\\\/gravador.ee\\\/wp-content\\\/uploads\\\/2022\\\/11\\\/acv_3099_50494222467_o-scaled.jpg\",\"width\":2560,\"height\":1707,\"caption\":\"Mitmev\u00e4rviline randmepael personaalse tekstiga\"},{\"@type\":\"BreadcrumbList\",\"@id\":\"https:\\\/\\\/gravador.ee\\\/toode\\\/uhevarviline-randmepael-personaalse-tekstiga-lapsele\\\/#breadcrumb\",\"itemListElement\":[{\"@type\":\"ListItem\",\"position\":1,\"name\":\"Home\",\"item\":\"https:\\\/\\\/gravador.ee\\\/\"},{\"@type\":\"ListItem\",\"position\":2,\"name\":\"Pood\",\"item\":\"https:\\\/\\\/gravador.ee\\\/pood\\\/\"},{\"@type\":\"ListItem\",\"position\":3,\"name\":\"Mitmev\u00e4rviline randmepael personaalse tekstiga lapsele\"}]},{\"@type\":\"WebSite\",\"@id\":\"https:\\\/\\\/gravador.ee\\\/#website\",\"url\":\"https:\\\/\\\/gravador.ee\\\/\",\"name\":\"Gravador\",\"description\":\"Graveerimine, sildid, auhinnad\",\"publisher\":{\"@id\":\"https:\\\/\\\/gravador.ee\\\/#organization\"},\"potentialAction\":[{\"@type\":\"SearchAction\",\"target\":{\"@type\":\"EntryPoint\",\"urlTemplate\":\"https:\\\/\\\/gravador.ee\\\/?s={search_term_string}\"},\"query-input\":{\"@type\":\"PropertyValueSpecification\",\"valueRequired\":true,\"valueName\":\"search_term_string\"}}],\"inLanguage\":\"fi\"},{\"@type\":\"Organization\",\"@id\":\"https:\\\/\\\/gravador.ee\\\/#organization\",\"name\":\"Gravador\",\"url\":\"https:\\\/\\\/gravador.ee\\\/\",\"logo\":{\"@type\":\"ImageObject\",\"inLanguage\":\"fi\",\"@id\":\"https:\\\/\\\/gravador.ee\\\/#\\\/schema\\\/logo\\\/image\\\/\",\"url\":\"https:\\\/\\\/gravador.ee\\\/wp-content\\\/uploads\\\/2020\\\/02\\\/gravador_logo_mk.png\",\"contentUrl\":\"https:\\\/\\\/gravador.ee\\\/wp-content\\\/uploads\\\/2020\\\/02\\\/gravador_logo_mk.png\",\"width\":612,\"height\":309,\"caption\":\"Gravador\"},\"image\":{\"@id\":\"https:\\\/\\\/gravador.ee\\\/#\\\/schema\\\/logo\\\/image\\\/\"}}]}<\/script>\n<!-- \/ Yoast SEO plugin. -->","yoast_head_json":{"title":"Mitmev\u00e4rviline randmepael personaalse tekstiga lapsele - Gravador","robots":{"index":"index","follow":"follow","max-snippet":"max-snippet:-1","max-image-preview":"max-image-preview:large","max-video-preview":"max-video-preview:-1"},"canonical":"https:\/\/gravador.ee\/fi\/tuote\/uhevarviline-randmepael-personaalse-tekstiga-lapsele\/","og_locale":"fi_FI","og_type":"article","og_title":"Mitmev\u00e4rviline randmepael personaalse tekstiga lapsele - Gravador","og_description":"Mitmev\u00e4rviline randmepael lapsele, millele on v\u00f5imalik graveerida personaalne tekst. Mitmev\u00e4rvilise randmepaela tekst on n\u00e4htavam kui \u00fchev\u00e4rvilise randmepaela tekst. Selline randmepael sobib suurep\u00e4raselt kingiks p\u00e4rast korraldatud \u00fcritust, meeskondade loomiseks ja eristamiseks laagrip\u00e4eval, oluliseks informatsiooniallikaks l\u00e4hedase k\u00e4el v\u00f5i armsa s\u00f5numiga koolip\u00e4eval saatjaks. &nbsp; Suuremate tellimuste puhul, kirjutage hinnapakkumise saamiseks janne@gravador.ee","og_url":"https:\/\/gravador.ee\/fi\/tuote\/uhevarviline-randmepael-personaalse-tekstiga-lapsele\/","og_site_name":"Gravador","article_modified_time":"2022-11-22T14:32:57+00:00","og_image":[{"width":2560,"height":1707,"url":"https:\/\/gravador.ee\/wp-content\/uploads\/2022\/11\/acv_3099_50494222467_o-scaled.jpg","type":"image\/jpeg"}],"twitter_card":"summary_large_image","schema":{"@context":"https:\/\/schema.org","@graph":[{"@type":"WebPage","@id":"https:\/\/gravador.ee\/toode\/uhevarviline-randmepael-personaalse-tekstiga-lapsele\/","url":"https:\/\/gravador.ee\/toode\/uhevarviline-randmepael-personaalse-tekstiga-lapsele\/","name":"Mitmev\u00e4rviline randmepael personaalse tekstiga lapsele - Gravador","isPartOf":{"@id":"https:\/\/gravador.ee\/#website"},"primaryImageOfPage":{"@id":"https:\/\/gravador.ee\/toode\/uhevarviline-randmepael-personaalse-tekstiga-lapsele\/#primaryimage"},"image":{"@id":"https:\/\/gravador.ee\/toode\/uhevarviline-randmepael-personaalse-tekstiga-lapsele\/#primaryimage"},"thumbnailUrl":"https:\/\/gravador.ee\/wp-content\/uploads\/2022\/11\/acv_3099_50494222467_o-scaled.jpg","datePublished":"2022-11-22T14:16:40+00:00","dateModified":"2022-11-22T14:32:57+00:00","breadcrumb":{"@id":"https:\/\/gravador.ee\/toode\/uhevarviline-randmepael-personaalse-tekstiga-lapsele\/#breadcrumb"},"inLanguage":"fi","potentialAction":[{"@type":"ReadAction","target":["https:\/\/gravador.ee\/toode\/uhevarviline-randmepael-personaalse-tekstiga-lapsele\/"]}]},{"@type":"ImageObject","inLanguage":"fi","@id":"https:\/\/gravador.ee\/toode\/uhevarviline-randmepael-personaalse-tekstiga-lapsele\/#primaryimage","url":"https:\/\/gravador.ee\/wp-content\/uploads\/2022\/11\/acv_3099_50494222467_o-scaled.jpg","contentUrl":"https:\/\/gravador.ee\/wp-content\/uploads\/2022\/11\/acv_3099_50494222467_o-scaled.jpg","width":2560,"height":1707,"caption":"Mitmev\u00e4rviline randmepael personaalse tekstiga"},{"@type":"BreadcrumbList","@id":"https:\/\/gravador.ee\/toode\/uhevarviline-randmepael-personaalse-tekstiga-lapsele\/#breadcrumb","itemListElement":[{"@type":"ListItem","position":1,"name":"Home","item":"https:\/\/gravador.ee\/"},{"@type":"ListItem","position":2,"name":"Pood","item":"https:\/\/gravador.ee\/pood\/"},{"@type":"ListItem","position":3,"name":"Mitmev\u00e4rviline randmepael personaalse tekstiga lapsele"}]},{"@type":"WebSite","@id":"https:\/\/gravador.ee\/#website","url":"https:\/\/gravador.ee\/","name":"Gravador","description":"Graveerimine, sildid, auhinnad","publisher":{"@id":"https:\/\/gravador.ee\/#organization"},"potentialAction":[{"@type":"SearchAction","target":{"@type":"EntryPoint","urlTemplate":"https:\/\/gravador.ee\/?s={search_term_string}"},"query-input":{"@type":"PropertyValueSpecification","valueRequired":true,"valueName":"search_term_string"}}],"inLanguage":"fi"},{"@type":"Organization","@id":"https:\/\/gravador.ee\/#organization","name":"Gravador","url":"https:\/\/gravador.ee\/","logo":{"@type":"ImageObject","inLanguage":"fi","@id":"https:\/\/gravador.ee\/#\/schema\/logo\/image\/","url":"https:\/\/gravador.ee\/wp-content\/uploads\/2020\/02\/gravador_logo_mk.png","contentUrl":"https:\/\/gravador.ee\/wp-content\/uploads\/2020\/02\/gravador_logo_mk.png","width":612,"height":309,"caption":"Gravador"},"image":{"@id":"https:\/\/gravador.ee\/#\/schema\/logo\/image\/"}}]}},"jetpack_sharing_enabled":true,"_links":{"self":[{"href":"https:\/\/gravador.ee\/fi\/wp-json\/wp\/v2\/product\/2513","targetHints":{"allow":["GET"]}}],"collection":[{"href":"https:\/\/gravador.ee\/fi\/wp-json\/wp\/v2\/product"}],"about":[{"href":"https:\/\/gravador.ee\/fi\/wp-json\/wp\/v2\/types\/product"}],"replies":[{"embeddable":true,"href":"https:\/\/gravador.ee\/fi\/wp-json\/wp\/v2\/comments?post=2513"}],"wp:featuredmedia":[{"embeddable":true,"href":"https:\/\/gravador.ee\/fi\/wp-json\/wp\/v2\/media\/2522"}],"wp:attachment":[{"href":"https:\/\/gravador.ee\/fi\/wp-json\/wp\/v2\/media?parent=2513"}],"wp:term":[{"taxonomy":"product_brand","embeddable":true,"href":"https:\/\/gravador.ee\/fi\/wp-json\/wp\/v2\/product_brand?post=2513"},{"taxonomy":"product_cat","embeddable":true,"href":"https:\/\/gravador.ee\/fi\/wp-json\/wp\/v2\/product_cat?post=2513"},{"taxonomy":"product_tag","embeddable":true,"href":"https:\/\/gravador.ee\/fi\/wp-json\/wp\/v2\/product_tag?post=2513"}],"curies":[{"name":"wp","href":"https:\/\/api.w.org\/{rel}","templated":true}]}}