{"id":168,"date":"2018-06-19T13:42:19","date_gmt":"2018-06-19T13:42:19","guid":{"rendered":"https:\/\/gravador.ee\/toode\/rockstar-legend-red-printed-tshirt\/"},"modified":"2023-01-11T11:14:47","modified_gmt":"2023-01-11T11:14:47","slug":"rockstar-legend-red-printed-tshirt","status":"publish","type":"product","link":"https:\/\/gravador.ee\/fi\/tuote\/rockstar-legend-red-printed-tshirt\/","title":{"rendered":"37655 puu-akryyli plakaatti"},"content":{"rendered":"<p>180x230mm bambustahvel, millele kruvitud akr\u00fc\u00fclplaat.<\/p>\n<p>Saab kasutada nii horisontaalis kui p\u00fcstipidi.<\/p>\n<p>Kaasas on metalljalad riiulile panekuks, aga saab ka seinale riputada.<\/p>\n<p>Lasergraveering j\u00e4\u00e4b valge.<\/p>\n<p>Ja hind on koos graveerimisega.<\/p>","protected":false},"excerpt":{"rendered":"<p>180x230mm bambustahvel, millele kruvitud akr\u00fc\u00fclplaat. Saab kasutada nii horisontaalis kui p\u00fcstipidi. Kaasas on metalljalad riiulile panekuks, aga saab ka seinale riputada. Lasergraveering j\u00e4\u00e4b valge. Ja hind on koos graveerimisega.<\/p>","protected":false},"featured_media":2907,"comment_status":"open","ping_status":"closed","template":"","meta":{"site-sidebar-layout":"default","site-content-layout":"default","ast-site-content-layout":"default","site-content-style":"default","site-sidebar-style":"default","ast-global-header-display":"","ast-banner-title-visibility":"","ast-main-header-display":"","ast-hfb-above-header-display":"","ast-hfb-below-header-display":"","ast-hfb-mobile-header-display":"","site-post-title":"","ast-breadcrumbs-content":"","ast-featured-img":"","footer-sml-layout":"","ast-disable-related-posts":"","theme-transparent-header-meta":"default","adv-header-id-meta":"","stick-header-meta":"","header-above-stick-meta":"","header-main-stick-meta":"","header-below-stick-meta":"","astra-migrate-meta-layouts":"default","ast-page-background-enabled":"default","ast-page-background-meta":{"desktop":{"background-color":"","background-image":"","background-repeat":"repeat","background-position":"center center","background-size":"auto","background-attachment":"scroll","background-type":"","background-media":"","overlay-type":"","overlay-color":"","overlay-opacity":"","overlay-gradient":""},"tablet":{"background-color":"","background-image":"","background-repeat":"repeat","background-position":"center center","background-size":"auto","background-attachment":"scroll","background-type":"","background-media":"","overlay-type":"","overlay-color":"","overlay-opacity":"","overlay-gradient":""},"mobile":{"background-color":"","background-image":"","background-repeat":"repeat","background-position":"center center","background-size":"auto","background-attachment":"scroll","background-type":"","background-media":"","overlay-type":"","overlay-color":"","overlay-opacity":"","overlay-gradient":""}},"ast-content-background-meta":{"desktop":{"background-color":"var(--ast-global-color-5)","background-image":"","background-repeat":"repeat","background-position":"center center","background-size":"auto","background-attachment":"scroll","background-type":"","background-media":"","overlay-type":"","overlay-color":"","overlay-opacity":"","overlay-gradient":""},"tablet":{"background-color":"var(--ast-global-color-5)","background-image":"","background-repeat":"repeat","background-position":"center center","background-size":"auto","background-attachment":"scroll","background-type":"","background-media":"","overlay-type":"","overlay-color":"","overlay-opacity":"","overlay-gradient":""},"mobile":{"background-color":"var(--ast-global-color-5)","background-image":"","background-repeat":"repeat","background-position":"center center","background-size":"auto","background-attachment":"scroll","background-type":"","background-media":"","overlay-type":"","overlay-color":"","overlay-opacity":"","overlay-gradient":""}}},"product_brand":[],"product_cat":[46],"product_tag":[51,50,48,49,47],"class_list":{"0":"post-168","1":"product","2":"type-product","3":"status-publish","4":"has-post-thumbnail","6":"product_cat-tanuplaadid","7":"product_tag-akruul","8":"product_tag-bambus","9":"product_tag-puitplaat","10":"product_tag-puittahvel","11":"product_tag-tanuplaat","12":"desktop-align-left","13":"tablet-align-left","14":"mobile-align-left","16":"first","17":"instock","18":"featured","19":"taxable","20":"shipping-taxable","21":"purchasable","22":"product-type-simple"},"yoast_head":"<!-- This site is optimized with the Yoast SEO plugin v27.3 - https:\/\/yoast.com\/product\/yoast-seo-wordpress\/ -->\n<title>37655 puit-akr\u00fc\u00fcl t\u00e4nuplaat - Gravador<\/title>\n<meta name=\"robots\" content=\"index, follow, max-snippet:-1, max-image-preview:large, max-video-preview:-1\" \/>\n<link rel=\"canonical\" href=\"https:\/\/gravador.ee\/fi\/tuote\/rockstar-legend-red-printed-tshirt\/\" \/>\n<meta property=\"og:locale\" content=\"fi_FI\" \/>\n<meta property=\"og:type\" content=\"article\" \/>\n<meta property=\"og:title\" content=\"37655 puit-akr\u00fc\u00fcl t\u00e4nuplaat - Gravador\" \/>\n<meta property=\"og:description\" content=\"180x230mm bambustahvel, millele kruvitud akr\u00fc\u00fclplaat. Saab kasutada nii horisontaalis kui p\u00fcstipidi. Kaasas on metalljalad riiulile panekuks, aga saab ka seinale riputada. Lasergraveering j\u00e4\u00e4b valge. Ja hind on koos graveerimisega.\" \/>\n<meta property=\"og:url\" content=\"https:\/\/gravador.ee\/fi\/tuote\/rockstar-legend-red-printed-tshirt\/\" \/>\n<meta property=\"og:site_name\" content=\"Gravador\" \/>\n<meta property=\"article:modified_time\" content=\"2023-01-11T11:14:47+00:00\" \/>\n<meta property=\"og:image\" content=\"https:\/\/gravador.ee\/wp-content\/uploads\/2018\/06\/37655.jpg\" \/>\n\t<meta property=\"og:image:width\" content=\"859\" \/>\n\t<meta property=\"og:image:height\" content=\"1136\" \/>\n\t<meta property=\"og:image:type\" content=\"image\/jpeg\" \/>\n<meta name=\"twitter:card\" content=\"summary_large_image\" \/>\n<script type=\"application\/ld+json\" class=\"yoast-schema-graph\">{\"@context\":\"https:\\\/\\\/schema.org\",\"@graph\":[{\"@type\":\"WebPage\",\"@id\":\"https:\\\/\\\/gravador.ee\\\/toode\\\/rockstar-legend-red-printed-tshirt\\\/\",\"url\":\"https:\\\/\\\/gravador.ee\\\/toode\\\/rockstar-legend-red-printed-tshirt\\\/\",\"name\":\"37655 puit-akr\u00fc\u00fcl t\u00e4nuplaat - Gravador\",\"isPartOf\":{\"@id\":\"https:\\\/\\\/gravador.ee\\\/#website\"},\"primaryImageOfPage\":{\"@id\":\"https:\\\/\\\/gravador.ee\\\/toode\\\/rockstar-legend-red-printed-tshirt\\\/#primaryimage\"},\"image\":{\"@id\":\"https:\\\/\\\/gravador.ee\\\/toode\\\/rockstar-legend-red-printed-tshirt\\\/#primaryimage\"},\"thumbnailUrl\":\"https:\\\/\\\/gravador.ee\\\/wp-content\\\/uploads\\\/2018\\\/06\\\/37655.jpg\",\"datePublished\":\"2018-06-19T13:42:19+00:00\",\"dateModified\":\"2023-01-11T11:14:47+00:00\",\"breadcrumb\":{\"@id\":\"https:\\\/\\\/gravador.ee\\\/toode\\\/rockstar-legend-red-printed-tshirt\\\/#breadcrumb\"},\"inLanguage\":\"fi\",\"potentialAction\":[{\"@type\":\"ReadAction\",\"target\":[\"https:\\\/\\\/gravador.ee\\\/toode\\\/rockstar-legend-red-printed-tshirt\\\/\"]}]},{\"@type\":\"ImageObject\",\"inLanguage\":\"fi\",\"@id\":\"https:\\\/\\\/gravador.ee\\\/toode\\\/rockstar-legend-red-printed-tshirt\\\/#primaryimage\",\"url\":\"https:\\\/\\\/gravador.ee\\\/wp-content\\\/uploads\\\/2018\\\/06\\\/37655.jpg\",\"contentUrl\":\"https:\\\/\\\/gravador.ee\\\/wp-content\\\/uploads\\\/2018\\\/06\\\/37655.jpg\",\"width\":859,\"height\":1136},{\"@type\":\"BreadcrumbList\",\"@id\":\"https:\\\/\\\/gravador.ee\\\/toode\\\/rockstar-legend-red-printed-tshirt\\\/#breadcrumb\",\"itemListElement\":[{\"@type\":\"ListItem\",\"position\":1,\"name\":\"Home\",\"item\":\"https:\\\/\\\/gravador.ee\\\/\"},{\"@type\":\"ListItem\",\"position\":2,\"name\":\"Pood\",\"item\":\"https:\\\/\\\/gravador.ee\\\/pood\\\/\"},{\"@type\":\"ListItem\",\"position\":3,\"name\":\"37655 puit-akr\u00fc\u00fcl t\u00e4nuplaat\"}]},{\"@type\":\"WebSite\",\"@id\":\"https:\\\/\\\/gravador.ee\\\/#website\",\"url\":\"https:\\\/\\\/gravador.ee\\\/\",\"name\":\"Gravador\",\"description\":\"Graveerimine, sildid, auhinnad\",\"publisher\":{\"@id\":\"https:\\\/\\\/gravador.ee\\\/#organization\"},\"potentialAction\":[{\"@type\":\"SearchAction\",\"target\":{\"@type\":\"EntryPoint\",\"urlTemplate\":\"https:\\\/\\\/gravador.ee\\\/?s={search_term_string}\"},\"query-input\":{\"@type\":\"PropertyValueSpecification\",\"valueRequired\":true,\"valueName\":\"search_term_string\"}}],\"inLanguage\":\"fi\"},{\"@type\":\"Organization\",\"@id\":\"https:\\\/\\\/gravador.ee\\\/#organization\",\"name\":\"Gravador\",\"url\":\"https:\\\/\\\/gravador.ee\\\/\",\"logo\":{\"@type\":\"ImageObject\",\"inLanguage\":\"fi\",\"@id\":\"https:\\\/\\\/gravador.ee\\\/#\\\/schema\\\/logo\\\/image\\\/\",\"url\":\"https:\\\/\\\/gravador.ee\\\/wp-content\\\/uploads\\\/2020\\\/02\\\/gravador_logo_mk.png\",\"contentUrl\":\"https:\\\/\\\/gravador.ee\\\/wp-content\\\/uploads\\\/2020\\\/02\\\/gravador_logo_mk.png\",\"width\":612,\"height\":309,\"caption\":\"Gravador\"},\"image\":{\"@id\":\"https:\\\/\\\/gravador.ee\\\/#\\\/schema\\\/logo\\\/image\\\/\"}}]}<\/script>\n<!-- \/ Yoast SEO plugin. -->","yoast_head_json":{"title":"37655 puit-akr\u00fc\u00fcl t\u00e4nuplaat - Gravador","robots":{"index":"index","follow":"follow","max-snippet":"max-snippet:-1","max-image-preview":"max-image-preview:large","max-video-preview":"max-video-preview:-1"},"canonical":"https:\/\/gravador.ee\/fi\/tuote\/rockstar-legend-red-printed-tshirt\/","og_locale":"fi_FI","og_type":"article","og_title":"37655 puit-akr\u00fc\u00fcl t\u00e4nuplaat - Gravador","og_description":"180x230mm bambustahvel, millele kruvitud akr\u00fc\u00fclplaat. Saab kasutada nii horisontaalis kui p\u00fcstipidi. Kaasas on metalljalad riiulile panekuks, aga saab ka seinale riputada. Lasergraveering j\u00e4\u00e4b valge. Ja hind on koos graveerimisega.","og_url":"https:\/\/gravador.ee\/fi\/tuote\/rockstar-legend-red-printed-tshirt\/","og_site_name":"Gravador","article_modified_time":"2023-01-11T11:14:47+00:00","og_image":[{"width":859,"height":1136,"url":"https:\/\/gravador.ee\/wp-content\/uploads\/2018\/06\/37655.jpg","type":"image\/jpeg"}],"twitter_card":"summary_large_image","schema":{"@context":"https:\/\/schema.org","@graph":[{"@type":"WebPage","@id":"https:\/\/gravador.ee\/toode\/rockstar-legend-red-printed-tshirt\/","url":"https:\/\/gravador.ee\/toode\/rockstar-legend-red-printed-tshirt\/","name":"37655 puit-akr\u00fc\u00fcl t\u00e4nuplaat - Gravador","isPartOf":{"@id":"https:\/\/gravador.ee\/#website"},"primaryImageOfPage":{"@id":"https:\/\/gravador.ee\/toode\/rockstar-legend-red-printed-tshirt\/#primaryimage"},"image":{"@id":"https:\/\/gravador.ee\/toode\/rockstar-legend-red-printed-tshirt\/#primaryimage"},"thumbnailUrl":"https:\/\/gravador.ee\/wp-content\/uploads\/2018\/06\/37655.jpg","datePublished":"2018-06-19T13:42:19+00:00","dateModified":"2023-01-11T11:14:47+00:00","breadcrumb":{"@id":"https:\/\/gravador.ee\/toode\/rockstar-legend-red-printed-tshirt\/#breadcrumb"},"inLanguage":"fi","potentialAction":[{"@type":"ReadAction","target":["https:\/\/gravador.ee\/toode\/rockstar-legend-red-printed-tshirt\/"]}]},{"@type":"ImageObject","inLanguage":"fi","@id":"https:\/\/gravador.ee\/toode\/rockstar-legend-red-printed-tshirt\/#primaryimage","url":"https:\/\/gravador.ee\/wp-content\/uploads\/2018\/06\/37655.jpg","contentUrl":"https:\/\/gravador.ee\/wp-content\/uploads\/2018\/06\/37655.jpg","width":859,"height":1136},{"@type":"BreadcrumbList","@id":"https:\/\/gravador.ee\/toode\/rockstar-legend-red-printed-tshirt\/#breadcrumb","itemListElement":[{"@type":"ListItem","position":1,"name":"Home","item":"https:\/\/gravador.ee\/"},{"@type":"ListItem","position":2,"name":"Pood","item":"https:\/\/gravador.ee\/pood\/"},{"@type":"ListItem","position":3,"name":"37655 puit-akr\u00fc\u00fcl t\u00e4nuplaat"}]},{"@type":"WebSite","@id":"https:\/\/gravador.ee\/#website","url":"https:\/\/gravador.ee\/","name":"Gravador","description":"Graveerimine, sildid, auhinnad","publisher":{"@id":"https:\/\/gravador.ee\/#organization"},"potentialAction":[{"@type":"SearchAction","target":{"@type":"EntryPoint","urlTemplate":"https:\/\/gravador.ee\/?s={search_term_string}"},"query-input":{"@type":"PropertyValueSpecification","valueRequired":true,"valueName":"search_term_string"}}],"inLanguage":"fi"},{"@type":"Organization","@id":"https:\/\/gravador.ee\/#organization","name":"Gravador","url":"https:\/\/gravador.ee\/","logo":{"@type":"ImageObject","inLanguage":"fi","@id":"https:\/\/gravador.ee\/#\/schema\/logo\/image\/","url":"https:\/\/gravador.ee\/wp-content\/uploads\/2020\/02\/gravador_logo_mk.png","contentUrl":"https:\/\/gravador.ee\/wp-content\/uploads\/2020\/02\/gravador_logo_mk.png","width":612,"height":309,"caption":"Gravador"},"image":{"@id":"https:\/\/gravador.ee\/#\/schema\/logo\/image\/"}}]}},"jetpack_sharing_enabled":true,"_links":{"self":[{"href":"https:\/\/gravador.ee\/fi\/wp-json\/wp\/v2\/product\/168","targetHints":{"allow":["GET"]}}],"collection":[{"href":"https:\/\/gravador.ee\/fi\/wp-json\/wp\/v2\/product"}],"about":[{"href":"https:\/\/gravador.ee\/fi\/wp-json\/wp\/v2\/types\/product"}],"replies":[{"embeddable":true,"href":"https:\/\/gravador.ee\/fi\/wp-json\/wp\/v2\/comments?post=168"}],"wp:featuredmedia":[{"embeddable":true,"href":"https:\/\/gravador.ee\/fi\/wp-json\/wp\/v2\/media\/2907"}],"wp:attachment":[{"href":"https:\/\/gravador.ee\/fi\/wp-json\/wp\/v2\/media?parent=168"}],"wp:term":[{"taxonomy":"product_brand","embeddable":true,"href":"https:\/\/gravador.ee\/fi\/wp-json\/wp\/v2\/product_brand?post=168"},{"taxonomy":"product_cat","embeddable":true,"href":"https:\/\/gravador.ee\/fi\/wp-json\/wp\/v2\/product_cat?post=168"},{"taxonomy":"product_tag","embeddable":true,"href":"https:\/\/gravador.ee\/fi\/wp-json\/wp\/v2\/product_tag?post=168"}],"curies":[{"name":"wp","href":"https:\/\/api.w.org\/{rel}","templated":true}]}}