{"id":161,"date":"2018-06-19T13:34:23","date_gmt":"2018-06-19T13:34:23","guid":{"rendered":"https:\/\/gravador.ee\/toode\/printed-tshirt-coffee-black-color\/"},"modified":"2023-01-26T12:09:41","modified_gmt":"2023-01-26T12:09:41","slug":"printed-tshirt-coffee-black-color","status":"publish","type":"product","link":"https:\/\/gravador.ee\/fi\/tuote\/printed-tshirt-coffee-black-color\/","title":{"rendered":"59313 metalli-akryylipalkinto"},"content":{"rendered":"<p>Alus 30mm paksust akr\u00fc\u00fclist, \u00fclemine osa eri viisidel viimistletud metallist.<\/p>\n<p>V\u00e4ga efektne n\u00e4eb v\u00e4lja.<\/p>\n<p>36cm k\u00f5rge.<\/p>","protected":false},"excerpt":{"rendered":"<p>Alus 30mm paksust akr\u00fc\u00fclist, \u00fclemine osa eri viisidel viimistletud metallist. V\u00e4ga efektne n\u00e4eb v\u00e4lja. 36cm k\u00f5rge.<\/p>","protected":false},"featured_media":2912,"comment_status":"open","ping_status":"closed","template":"","meta":{"site-sidebar-layout":"default","site-content-layout":"default","ast-site-content-layout":"default","site-content-style":"default","site-sidebar-style":"default","ast-global-header-display":"","ast-banner-title-visibility":"","ast-main-header-display":"","ast-hfb-above-header-display":"","ast-hfb-below-header-display":"","ast-hfb-mobile-header-display":"","site-post-title":"","ast-breadcrumbs-content":"","ast-featured-img":"","footer-sml-layout":"","ast-disable-related-posts":"","theme-transparent-header-meta":"default","adv-header-id-meta":"","stick-header-meta":"","header-above-stick-meta":"","header-main-stick-meta":"","header-below-stick-meta":"","astra-migrate-meta-layouts":"default","ast-page-background-enabled":"default","ast-page-background-meta":{"desktop":{"background-color":"","background-image":"","background-repeat":"repeat","background-position":"center center","background-size":"auto","background-attachment":"scroll","background-type":"","background-media":"","overlay-type":"","overlay-color":"","overlay-opacity":"","overlay-gradient":""},"tablet":{"background-color":"","background-image":"","background-repeat":"repeat","background-position":"center center","background-size":"auto","background-attachment":"scroll","background-type":"","background-media":"","overlay-type":"","overlay-color":"","overlay-opacity":"","overlay-gradient":""},"mobile":{"background-color":"","background-image":"","background-repeat":"repeat","background-position":"center center","background-size":"auto","background-attachment":"scroll","background-type":"","background-media":"","overlay-type":"","overlay-color":"","overlay-opacity":"","overlay-gradient":""}},"ast-content-background-meta":{"desktop":{"background-color":"var(--ast-global-color-5)","background-image":"","background-repeat":"repeat","background-position":"center center","background-size":"auto","background-attachment":"scroll","background-type":"","background-media":"","overlay-type":"","overlay-color":"","overlay-opacity":"","overlay-gradient":""},"tablet":{"background-color":"var(--ast-global-color-5)","background-image":"","background-repeat":"repeat","background-position":"center center","background-size":"auto","background-attachment":"scroll","background-type":"","background-media":"","overlay-type":"","overlay-color":"","overlay-opacity":"","overlay-gradient":""},"mobile":{"background-color":"var(--ast-global-color-5)","background-image":"","background-repeat":"repeat","background-position":"center center","background-size":"auto","background-attachment":"scroll","background-type":"","background-media":"","overlay-type":"","overlay-color":"","overlay-opacity":"","overlay-gradient":""}}},"product_brand":[],"product_cat":[65],"product_tag":[53,54,52,45],"class_list":{"0":"post-161","1":"product","2":"type-product","3":"status-publish","4":"has-post-thumbnail","6":"product_cat-premiumkarikad","7":"product_tag-auhind","8":"product_tag-disainkarikas","9":"product_tag-karikas","10":"product_tag-metallkarikas","11":"desktop-align-left","12":"tablet-align-left","13":"mobile-align-left","15":"first","16":"instock","17":"taxable","18":"shipping-taxable","19":"purchasable","20":"product-type-simple"},"yoast_head":"<!-- This site is optimized with the Yoast SEO plugin v27.4 - https:\/\/yoast.com\/product\/yoast-seo-wordpress\/ -->\n<title>59313 metall-akr\u00fc\u00fclauhind - Gravador<\/title>\n<meta name=\"robots\" content=\"index, follow, max-snippet:-1, max-image-preview:large, max-video-preview:-1\" \/>\n<link rel=\"canonical\" href=\"https:\/\/gravador.ee\/fi\/tuote\/printed-tshirt-coffee-black-color\/\" \/>\n<meta property=\"og:locale\" content=\"fi_FI\" \/>\n<meta property=\"og:type\" content=\"article\" \/>\n<meta property=\"og:title\" content=\"59313 metall-akr\u00fc\u00fclauhind - Gravador\" \/>\n<meta property=\"og:description\" content=\"Alus 30mm paksust akr\u00fc\u00fclist, \u00fclemine osa eri viisidel viimistletud metallist. V\u00e4ga efektne n\u00e4eb v\u00e4lja. 36cm k\u00f5rge.\" \/>\n<meta property=\"og:url\" content=\"https:\/\/gravador.ee\/fi\/tuote\/printed-tshirt-coffee-black-color\/\" \/>\n<meta property=\"og:site_name\" content=\"Gravador\" \/>\n<meta property=\"article:modified_time\" content=\"2023-01-26T12:09:41+00:00\" \/>\n<meta property=\"og:image\" content=\"https:\/\/gravador.ee\/wp-content\/uploads\/2018\/06\/59313.jpg\" \/>\n\t<meta property=\"og:image:width\" content=\"846\" \/>\n\t<meta property=\"og:image:height\" content=\"1463\" \/>\n\t<meta property=\"og:image:type\" content=\"image\/jpeg\" \/>\n<meta name=\"twitter:card\" content=\"summary_large_image\" \/>\n<script type=\"application\/ld+json\" class=\"yoast-schema-graph\">{\"@context\":\"https:\\\/\\\/schema.org\",\"@graph\":[{\"@type\":\"WebPage\",\"@id\":\"https:\\\/\\\/gravador.ee\\\/toode\\\/printed-tshirt-coffee-black-color\\\/\",\"url\":\"https:\\\/\\\/gravador.ee\\\/toode\\\/printed-tshirt-coffee-black-color\\\/\",\"name\":\"59313 metall-akr\u00fc\u00fclauhind - Gravador\",\"isPartOf\":{\"@id\":\"https:\\\/\\\/gravador.ee\\\/#website\"},\"primaryImageOfPage\":{\"@id\":\"https:\\\/\\\/gravador.ee\\\/toode\\\/printed-tshirt-coffee-black-color\\\/#primaryimage\"},\"image\":{\"@id\":\"https:\\\/\\\/gravador.ee\\\/toode\\\/printed-tshirt-coffee-black-color\\\/#primaryimage\"},\"thumbnailUrl\":\"https:\\\/\\\/gravador.ee\\\/wp-content\\\/uploads\\\/2018\\\/06\\\/59313.jpg\",\"datePublished\":\"2018-06-19T13:34:23+00:00\",\"dateModified\":\"2023-01-26T12:09:41+00:00\",\"breadcrumb\":{\"@id\":\"https:\\\/\\\/gravador.ee\\\/toode\\\/printed-tshirt-coffee-black-color\\\/#breadcrumb\"},\"inLanguage\":\"fi\",\"potentialAction\":[{\"@type\":\"ReadAction\",\"target\":[\"https:\\\/\\\/gravador.ee\\\/toode\\\/printed-tshirt-coffee-black-color\\\/\"]}]},{\"@type\":\"ImageObject\",\"inLanguage\":\"fi\",\"@id\":\"https:\\\/\\\/gravador.ee\\\/toode\\\/printed-tshirt-coffee-black-color\\\/#primaryimage\",\"url\":\"https:\\\/\\\/gravador.ee\\\/wp-content\\\/uploads\\\/2018\\\/06\\\/59313.jpg\",\"contentUrl\":\"https:\\\/\\\/gravador.ee\\\/wp-content\\\/uploads\\\/2018\\\/06\\\/59313.jpg\",\"width\":846,\"height\":1463},{\"@type\":\"BreadcrumbList\",\"@id\":\"https:\\\/\\\/gravador.ee\\\/toode\\\/printed-tshirt-coffee-black-color\\\/#breadcrumb\",\"itemListElement\":[{\"@type\":\"ListItem\",\"position\":1,\"name\":\"Home\",\"item\":\"https:\\\/\\\/gravador.ee\\\/\"},{\"@type\":\"ListItem\",\"position\":2,\"name\":\"Pood\",\"item\":\"https:\\\/\\\/gravador.ee\\\/pood\\\/\"},{\"@type\":\"ListItem\",\"position\":3,\"name\":\"59313 metall-akr\u00fc\u00fclauhind\"}]},{\"@type\":\"WebSite\",\"@id\":\"https:\\\/\\\/gravador.ee\\\/#website\",\"url\":\"https:\\\/\\\/gravador.ee\\\/\",\"name\":\"Gravador\",\"description\":\"Graveerimine, sildid, auhinnad\",\"publisher\":{\"@id\":\"https:\\\/\\\/gravador.ee\\\/#organization\"},\"potentialAction\":[{\"@type\":\"SearchAction\",\"target\":{\"@type\":\"EntryPoint\",\"urlTemplate\":\"https:\\\/\\\/gravador.ee\\\/?s={search_term_string}\"},\"query-input\":{\"@type\":\"PropertyValueSpecification\",\"valueRequired\":true,\"valueName\":\"search_term_string\"}}],\"inLanguage\":\"fi\"},{\"@type\":\"Organization\",\"@id\":\"https:\\\/\\\/gravador.ee\\\/#organization\",\"name\":\"Gravador\",\"url\":\"https:\\\/\\\/gravador.ee\\\/\",\"logo\":{\"@type\":\"ImageObject\",\"inLanguage\":\"fi\",\"@id\":\"https:\\\/\\\/gravador.ee\\\/#\\\/schema\\\/logo\\\/image\\\/\",\"url\":\"https:\\\/\\\/gravador.ee\\\/wp-content\\\/uploads\\\/2020\\\/02\\\/gravador_logo_mk.png\",\"contentUrl\":\"https:\\\/\\\/gravador.ee\\\/wp-content\\\/uploads\\\/2020\\\/02\\\/gravador_logo_mk.png\",\"width\":612,\"height\":309,\"caption\":\"Gravador\"},\"image\":{\"@id\":\"https:\\\/\\\/gravador.ee\\\/#\\\/schema\\\/logo\\\/image\\\/\"}}]}<\/script>\n<!-- \/ Yoast SEO plugin. -->","yoast_head_json":{"title":"59313 metall-akr\u00fc\u00fclauhind - Gravador","robots":{"index":"index","follow":"follow","max-snippet":"max-snippet:-1","max-image-preview":"max-image-preview:large","max-video-preview":"max-video-preview:-1"},"canonical":"https:\/\/gravador.ee\/fi\/tuote\/printed-tshirt-coffee-black-color\/","og_locale":"fi_FI","og_type":"article","og_title":"59313 metall-akr\u00fc\u00fclauhind - Gravador","og_description":"Alus 30mm paksust akr\u00fc\u00fclist, \u00fclemine osa eri viisidel viimistletud metallist. V\u00e4ga efektne n\u00e4eb v\u00e4lja. 36cm k\u00f5rge.","og_url":"https:\/\/gravador.ee\/fi\/tuote\/printed-tshirt-coffee-black-color\/","og_site_name":"Gravador","article_modified_time":"2023-01-26T12:09:41+00:00","og_image":[{"width":846,"height":1463,"url":"https:\/\/gravador.ee\/wp-content\/uploads\/2018\/06\/59313.jpg","type":"image\/jpeg"}],"twitter_card":"summary_large_image","schema":{"@context":"https:\/\/schema.org","@graph":[{"@type":"WebPage","@id":"https:\/\/gravador.ee\/toode\/printed-tshirt-coffee-black-color\/","url":"https:\/\/gravador.ee\/toode\/printed-tshirt-coffee-black-color\/","name":"59313 metall-akr\u00fc\u00fclauhind - Gravador","isPartOf":{"@id":"https:\/\/gravador.ee\/#website"},"primaryImageOfPage":{"@id":"https:\/\/gravador.ee\/toode\/printed-tshirt-coffee-black-color\/#primaryimage"},"image":{"@id":"https:\/\/gravador.ee\/toode\/printed-tshirt-coffee-black-color\/#primaryimage"},"thumbnailUrl":"https:\/\/gravador.ee\/wp-content\/uploads\/2018\/06\/59313.jpg","datePublished":"2018-06-19T13:34:23+00:00","dateModified":"2023-01-26T12:09:41+00:00","breadcrumb":{"@id":"https:\/\/gravador.ee\/toode\/printed-tshirt-coffee-black-color\/#breadcrumb"},"inLanguage":"fi","potentialAction":[{"@type":"ReadAction","target":["https:\/\/gravador.ee\/toode\/printed-tshirt-coffee-black-color\/"]}]},{"@type":"ImageObject","inLanguage":"fi","@id":"https:\/\/gravador.ee\/toode\/printed-tshirt-coffee-black-color\/#primaryimage","url":"https:\/\/gravador.ee\/wp-content\/uploads\/2018\/06\/59313.jpg","contentUrl":"https:\/\/gravador.ee\/wp-content\/uploads\/2018\/06\/59313.jpg","width":846,"height":1463},{"@type":"BreadcrumbList","@id":"https:\/\/gravador.ee\/toode\/printed-tshirt-coffee-black-color\/#breadcrumb","itemListElement":[{"@type":"ListItem","position":1,"name":"Home","item":"https:\/\/gravador.ee\/"},{"@type":"ListItem","position":2,"name":"Pood","item":"https:\/\/gravador.ee\/pood\/"},{"@type":"ListItem","position":3,"name":"59313 metall-akr\u00fc\u00fclauhind"}]},{"@type":"WebSite","@id":"https:\/\/gravador.ee\/#website","url":"https:\/\/gravador.ee\/","name":"Gravador","description":"Graveerimine, sildid, auhinnad","publisher":{"@id":"https:\/\/gravador.ee\/#organization"},"potentialAction":[{"@type":"SearchAction","target":{"@type":"EntryPoint","urlTemplate":"https:\/\/gravador.ee\/?s={search_term_string}"},"query-input":{"@type":"PropertyValueSpecification","valueRequired":true,"valueName":"search_term_string"}}],"inLanguage":"fi"},{"@type":"Organization","@id":"https:\/\/gravador.ee\/#organization","name":"Gravador","url":"https:\/\/gravador.ee\/","logo":{"@type":"ImageObject","inLanguage":"fi","@id":"https:\/\/gravador.ee\/#\/schema\/logo\/image\/","url":"https:\/\/gravador.ee\/wp-content\/uploads\/2020\/02\/gravador_logo_mk.png","contentUrl":"https:\/\/gravador.ee\/wp-content\/uploads\/2020\/02\/gravador_logo_mk.png","width":612,"height":309,"caption":"Gravador"},"image":{"@id":"https:\/\/gravador.ee\/#\/schema\/logo\/image\/"}}]}},"jetpack_sharing_enabled":true,"_links":{"self":[{"href":"https:\/\/gravador.ee\/fi\/wp-json\/wp\/v2\/product\/161","targetHints":{"allow":["GET"]}}],"collection":[{"href":"https:\/\/gravador.ee\/fi\/wp-json\/wp\/v2\/product"}],"about":[{"href":"https:\/\/gravador.ee\/fi\/wp-json\/wp\/v2\/types\/product"}],"replies":[{"embeddable":true,"href":"https:\/\/gravador.ee\/fi\/wp-json\/wp\/v2\/comments?post=161"}],"wp:featuredmedia":[{"embeddable":true,"href":"https:\/\/gravador.ee\/fi\/wp-json\/wp\/v2\/media\/2912"}],"wp:attachment":[{"href":"https:\/\/gravador.ee\/fi\/wp-json\/wp\/v2\/media?parent=161"}],"wp:term":[{"taxonomy":"product_brand","embeddable":true,"href":"https:\/\/gravador.ee\/fi\/wp-json\/wp\/v2\/product_brand?post=161"},{"taxonomy":"product_cat","embeddable":true,"href":"https:\/\/gravador.ee\/fi\/wp-json\/wp\/v2\/product_cat?post=161"},{"taxonomy":"product_tag","embeddable":true,"href":"https:\/\/gravador.ee\/fi\/wp-json\/wp\/v2\/product_tag?post=161"}],"curies":[{"name":"wp","href":"https:\/\/api.w.org\/{rel}","templated":true}]}}