{"id":15,"date":"2018-06-18T06:58:10","date_gmt":"2018-06-18T06:58:10","guid":{"rendered":"https:\/\/gravador.ee\/contact\/"},"modified":"2026-01-27T08:26:52","modified_gmt":"2026-01-27T06:26:52","slug":"kontakt","status":"publish","type":"page","link":"https:\/\/gravador.ee\/fi\/kontakt\/","title":{"rendered":"Yhteystiedot"},"content":{"rendered":"\t\t<div data-elementor-type=\"wp-post\" data-elementor-id=\"15\" class=\"elementor elementor-15\">\n\t\t\t\t\t\t<section class=\"elementor-section elementor-top-section elementor-element elementor-element-448c62d5 elementor-section-content-middle elementor-section-boxed elementor-section-height-default elementor-section-height-default\" data-id=\"448c62d5\" data-element_type=\"section\" data-e-type=\"section\" data-settings=\"{&quot;background_background&quot;:&quot;gradient&quot;}\">\n\t\t\t\t\t\t\t<div class=\"elementor-background-overlay\"><\/div>\n\t\t\t\t\t\t\t<div class=\"elementor-container elementor-column-gap-default\">\n\t\t\t\t\t<div class=\"elementor-column elementor-col-50 elementor-top-column elementor-element elementor-element-5320b806\" data-id=\"5320b806\" data-element_type=\"column\" data-e-type=\"column\">\n\t\t\t<div class=\"elementor-widget-wrap elementor-element-populated\">\n\t\t\t\t\t\t<div class=\"elementor-element elementor-element-a645ecb elementor-widget elementor-widget-image-box\" data-id=\"a645ecb\" data-element_type=\"widget\" data-e-type=\"widget\" data-widget_type=\"image-box.default\">\n\t\t\t\t<div class=\"elementor-widget-container\">\n\t\t\t\t\t<div class=\"elementor-image-box-wrapper\"><div class=\"elementor-image-box-content\"><h1 class=\"elementor-image-box-title\">V\u00f5ta \u00fchendust<\/h1><p class=\"elementor-image-box-description\">Kui sul on k\u00fcsimusi meie teenuste v\u00f5i toodete kohta v\u00f5i kui sul on m\u00f5ttes erilahendus, millega saaksime aidata, v\u00f5ta julgelt \u00fchendust. <\/p><\/div><\/div>\t\t\t\t<\/div>\n\t\t\t\t<\/div>\n\t\t\t\t<div class=\"elementor-element elementor-element-a12e448 elementor-widget-divider--view-line elementor-widget elementor-widget-divider\" data-id=\"a12e448\" data-element_type=\"widget\" data-e-type=\"widget\" data-widget_type=\"divider.default\">\n\t\t\t\t<div class=\"elementor-widget-container\">\n\t\t\t\t\t\t\t<div class=\"elementor-divider\">\n\t\t\t<span class=\"elementor-divider-separator\">\n\t\t\t\t\t\t<\/span>\n\t\t<\/div>\n\t\t\t\t\t\t<\/div>\n\t\t\t\t<\/div>\n\t\t\t\t<div class=\"elementor-element elementor-element-6082c90 elementor-mobile-align-start elementor-icon-list--layout-traditional elementor-list-item-link-full_width elementor-widget elementor-widget-icon-list\" data-id=\"6082c90\" data-element_type=\"widget\" data-e-type=\"widget\" data-widget_type=\"icon-list.default\">\n\t\t\t\t<div class=\"elementor-widget-container\">\n\t\t\t\t\t\t\t<ul class=\"elementor-icon-list-items\">\n\t\t\t\t\t\t\t<li class=\"elementor-icon-list-item\">\n\t\t\t\t\t\t\t\t\t\t\t<span class=\"elementor-icon-list-icon\">\n\t\t\t\t\t\t\t<i aria-hidden=\"true\" class=\"fas fa-map\"><\/i>\t\t\t\t\t\t<\/span>\n\t\t\t\t\t\t\t\t\t\t<span class=\"elementor-icon-list-text\">Kassi t\u00e4nav 4, Tallinn<\/span>\n\t\t\t\t\t\t\t\t\t<\/li>\n\t\t\t\t\t\t\t\t<li class=\"elementor-icon-list-item\">\n\t\t\t\t\t\t\t\t\t\t\t<span class=\"elementor-icon-list-icon\">\n\t\t\t\t\t\t\t<i aria-hidden=\"true\" class=\"fas fa-envelope\"><\/i>\t\t\t\t\t\t<\/span>\n\t\t\t\t\t\t\t\t\t\t<span class=\"elementor-icon-list-text\">info@gravador.ee<\/span>\n\t\t\t\t\t\t\t\t\t<\/li>\n\t\t\t\t\t\t\t\t<li class=\"elementor-icon-list-item\">\n\t\t\t\t\t\t\t\t\t\t\t<span class=\"elementor-icon-list-icon\">\n\t\t\t\t\t\t\t<i aria-hidden=\"true\" class=\"fas fa-phone\"><\/i>\t\t\t\t\t\t<\/span>\n\t\t\t\t\t\t\t\t\t\t<span class=\"elementor-icon-list-text\">+37255517161<\/span>\n\t\t\t\t\t\t\t\t\t<\/li>\n\t\t\t\t\t\t\t\t<li class=\"elementor-icon-list-item\">\n\t\t\t\t\t\t\t\t\t\t\t<span class=\"elementor-icon-list-icon\">\n\t\t\t\t\t\t\t<i aria-hidden=\"true\" class=\"fas fa-dot-circle\"><\/i>\t\t\t\t\t\t<\/span>\n\t\t\t\t\t\t\t\t\t\t<span class=\"elementor-icon-list-text\">Tuuline O\u00dc<br>Reg. kood 12338891<br>KMKR nr. EE102502163<\/span>\n\t\t\t\t\t\t\t\t\t<\/li>\n\t\t\t\t\t\t<\/ul>\n\t\t\t\t\t\t<\/div>\n\t\t\t\t<\/div>\n\t\t\t\t\t<\/div>\n\t\t<\/div>\n\t\t\t\t<div class=\"elementor-column elementor-col-50 elementor-top-column elementor-element elementor-element-50777f2\" data-id=\"50777f2\" data-element_type=\"column\" data-e-type=\"column\">\n\t\t\t<div class=\"elementor-widget-wrap elementor-element-populated\">\n\t\t\t\t\t\t<section class=\"elementor-section elementor-inner-section elementor-element elementor-element-9ef3a18 elementor-section-full_width elementor-section-height-default elementor-section-height-default\" data-id=\"9ef3a18\" data-element_type=\"section\" data-e-type=\"section\">\n\t\t\t\t\t\t<div class=\"elementor-container elementor-column-gap-default\">\n\t\t\t\t\t<div class=\"elementor-column elementor-col-100 elementor-inner-column elementor-element elementor-element-157937f\" data-id=\"157937f\" data-element_type=\"column\" data-e-type=\"column\" data-settings=\"{&quot;background_background&quot;:&quot;classic&quot;}\">\n\t\t\t<div class=\"elementor-widget-wrap elementor-element-populated\">\n\t\t\t\t\t\t<div class=\"elementor-element elementor-element-27696a2 elementor-widget elementor-widget-heading\" data-id=\"27696a2\" data-element_type=\"widget\" data-e-type=\"widget\" data-widget_type=\"heading.default\">\n\t\t\t\t<div class=\"elementor-widget-container\">\n\t\t\t\t\t<h3 class=\"elementor-heading-title elementor-size-default\">Saada s\u00f5num<\/h3>\t\t\t\t<\/div>\n\t\t\t\t<\/div>\n\t\t\t\t<div class=\"elementor-element elementor-element-114b4b9 elementor-widget elementor-widget-shortcode\" data-id=\"114b4b9\" data-element_type=\"widget\" data-e-type=\"widget\" data-widget_type=\"shortcode.default\">\n\t\t\t\t<div class=\"elementor-widget-container\">\n\t\t\t\t\t\t\t<div class=\"elementor-shortcode\"><div class=\"wpforms-container \" id=\"wpforms-2333\"><form id=\"wpforms-form-2333\" class=\"wpforms-validate wpforms-form\" data-formid=\"2333\" method=\"post\" enctype=\"multipart\/form-data\" action=\"\/fi\/wp-json\/wp\/v2\/pages\/15\" data-token=\"948ca028be392d82df054619cb40cc13\" data-token-time=\"1775736247\"><noscript class=\"wpforms-error-noscript\">Please enable JavaScript in your browser to complete this form.<\/noscript><div class=\"wpforms-field-container\"><div id=\"wpforms-2333-field_1-container\" class=\"wpforms-field wpforms-field-email\" data-field-id=\"1\"><label class=\"wpforms-field-label wpforms-label-hide\" for=\"wpforms-2333-field_1\">E-mail <span class=\"wpforms-required-label\">*<\/span><\/label><input type=\"email\" id=\"wpforms-2333-field_1\" class=\"wpforms-field-large wpforms-field-required\" name=\"wpforms[fields][1]\" placeholder=\"Sinu e-mail\" spellcheck=\"false\" required><\/div><div id=\"wpforms-2333-field_2-container\" class=\"wpforms-field wpforms-field-textarea\" data-field-id=\"2\"><label class=\"wpforms-field-label wpforms-label-hide\" for=\"wpforms-2333-field_2\">Tekst <span class=\"wpforms-required-label\">*<\/span><\/label><textarea id=\"wpforms-2333-field_2\" class=\"wpforms-field-medium wpforms-field-required\" name=\"wpforms[fields][2]\" placeholder=\"Tekst\" required><\/textarea><\/div><\/div><!-- .wpforms-field-container --><div class=\"wpforms-field wpforms-field-hp\"><label for=\"wpforms-2333-field-hp\" class=\"wpforms-field-label\">Website<\/label><input type=\"text\" name=\"wpforms[hp]\" id=\"wpforms-2333-field-hp\" class=\"wpforms-field-medium\"><\/div><div class=\"wpforms-submit-container\" ><input type=\"hidden\" name=\"wpforms[id]\" value=\"2333\"><input type=\"hidden\" name=\"page_title\" value=\"\"><input type=\"hidden\" name=\"page_url\" value=\"https:\/\/gravador.ee\/fi\/wp-json\/wp\/v2\/pages\/15\"><input type=\"hidden\" name=\"url_referer\" value=\"\"><button type=\"submit\" name=\"wpforms[submit]\" id=\"wpforms-submit-2333\" class=\"wpforms-submit\" data-alt-text=\"Saadan...\" data-submit-text=\"SAADA\" aria-live=\"assertive\" value=\"wpforms-submit\">SAADA<\/button><\/div><\/form><\/div>  <!-- .wpforms-container -->\t<\/div>\n\t\t\t\t\t\t<\/div>\n\t\t\t\t<\/div>\n\t\t\t\t\t<\/div>\n\t\t<\/div>\n\t\t\t\t\t<\/div>\n\t\t<\/section>\n\t\t\t\t\t<\/div>\n\t\t<\/div>\n\t\t\t\t\t<\/div>\n\t\t<\/section>\n\t\t\t\t<\/div>\n\t\t","protected":false},"excerpt":{"rendered":"<p>V\u00f5ta \u00fchendust Kui sul on k\u00fcsimusi meie teenuste v\u00f5i toodete kohta v\u00f5i kui sul on m\u00f5ttes erilahendus, millega saaksime aidata, v\u00f5ta julgelt \u00fchendust. Kassi t\u00e4nav 4, Tallinn info@gravador.ee +37255517161 Tuuline O\u00dcReg. kood 12338891KMKR nr. EE102502163 Saada s\u00f5num<\/p>","protected":false},"author":1,"featured_media":0,"parent":0,"menu_order":0,"comment_status":"closed","ping_status":"closed","template":"","meta":{"site-sidebar-layout":"no-sidebar","site-content-layout":"page-builder","ast-site-content-layout":"full-width-container","site-content-style":"unboxed","site-sidebar-style":"unboxed","ast-global-header-display":"","ast-banner-title-visibility":"","ast-main-header-display":"","ast-hfb-above-header-display":"","ast-hfb-below-header-display":"","ast-hfb-mobile-header-display":"","site-post-title":"disabled","ast-breadcrumbs-content":"","ast-featured-img":"disabled","footer-sml-layout":"","ast-disable-related-posts":"","theme-transparent-header-meta":"enabled","adv-header-id-meta":"","stick-header-meta":"","header-above-stick-meta":"","header-main-stick-meta":"","header-below-stick-meta":"","astra-migrate-meta-layouts":"set","ast-page-background-enabled":"default","ast-page-background-meta":{"desktop":{"background-color":"","background-image":"","background-repeat":"repeat","background-position":"center center","background-size":"auto","background-attachment":"scroll","background-type":"","background-media":"","overlay-type":"","overlay-color":"","overlay-opacity":"","overlay-gradient":""},"tablet":{"background-color":"","background-image":"","background-repeat":"repeat","background-position":"center center","background-size":"auto","background-attachment":"scroll","background-type":"","background-media":"","overlay-type":"","overlay-color":"","overlay-opacity":"","overlay-gradient":""},"mobile":{"background-color":"","background-image":"","background-repeat":"repeat","background-position":"center center","background-size":"auto","background-attachment":"scroll","background-type":"","background-media":"","overlay-type":"","overlay-color":"","overlay-opacity":"","overlay-gradient":""}},"ast-content-background-meta":{"desktop":{"background-color":"var(--ast-global-color-5)","background-image":"","background-repeat":"repeat","background-position":"center center","background-size":"auto","background-attachment":"scroll","background-type":"","background-media":"","overlay-type":"","overlay-color":"","overlay-opacity":"","overlay-gradient":""},"tablet":{"background-color":"var(--ast-global-color-5)","background-image":"","background-repeat":"repeat","background-position":"center center","background-size":"auto","background-attachment":"scroll","background-type":"","background-media":"","overlay-type":"","overlay-color":"","overlay-opacity":"","overlay-gradient":""},"mobile":{"background-color":"var(--ast-global-color-5)","background-image":"","background-repeat":"repeat","background-position":"center center","background-size":"auto","background-attachment":"scroll","background-type":"","background-media":"","overlay-type":"","overlay-color":"","overlay-opacity":"","overlay-gradient":""}},"footnotes":""},"class_list":["post-15","page","type-page","status-publish","hentry"],"yoast_head":"<!-- This site is optimized with the Yoast SEO plugin v27.3 - https:\/\/yoast.com\/product\/yoast-seo-wordpress\/ -->\n<title>Kontakt ja hinnap\u00e4ring | Gravador<\/title>\n<meta name=\"description\" content=\"V\u00f5ta Gravadoriga \u00fchendust k\u00fcsimuste, hinnap\u00e4ringu v\u00f5i eritellimuse osas. Asume Tallinnas ning pakume personaalset ja kiiret teenindust.\" \/>\n<meta name=\"robots\" content=\"index, follow, max-snippet:-1, max-image-preview:large, max-video-preview:-1\" \/>\n<link rel=\"canonical\" href=\"https:\/\/gravador.ee\/fi\/kontakt\/\" \/>\n<meta property=\"og:locale\" content=\"fi_FI\" \/>\n<meta property=\"og:type\" content=\"article\" \/>\n<meta property=\"og:title\" content=\"Kontakt ja hinnap\u00e4ring | Gravador\" \/>\n<meta property=\"og:description\" content=\"V\u00f5ta Gravadoriga \u00fchendust k\u00fcsimuste, hinnap\u00e4ringu v\u00f5i eritellimuse osas. Asume Tallinnas ning pakume personaalset ja kiiret teenindust.\" \/>\n<meta property=\"og:url\" content=\"https:\/\/gravador.ee\/fi\/kontakt\/\" \/>\n<meta property=\"og:site_name\" content=\"Gravador\" \/>\n<meta property=\"article:modified_time\" content=\"2026-01-27T06:26:52+00:00\" \/>\n<meta name=\"twitter:card\" content=\"summary_large_image\" \/>\n<meta name=\"twitter:label1\" content=\"Arvioitu lukuaika\" \/>\n\t<meta name=\"twitter:data1\" content=\"1 minuutti\" \/>\n<script type=\"application\/ld+json\" class=\"yoast-schema-graph\">{\"@context\":\"https:\\\/\\\/schema.org\",\"@graph\":[{\"@type\":\"WebPage\",\"@id\":\"https:\\\/\\\/gravador.ee\\\/kontakt\\\/\",\"url\":\"https:\\\/\\\/gravador.ee\\\/kontakt\\\/\",\"name\":\"Kontakt ja hinnap\u00e4ring | Gravador\",\"isPartOf\":{\"@id\":\"https:\\\/\\\/gravador.ee\\\/#website\"},\"datePublished\":\"2018-06-18T06:58:10+00:00\",\"dateModified\":\"2026-01-27T06:26:52+00:00\",\"description\":\"V\u00f5ta Gravadoriga \u00fchendust k\u00fcsimuste, hinnap\u00e4ringu v\u00f5i eritellimuse osas. Asume Tallinnas ning pakume personaalset ja kiiret teenindust.\",\"breadcrumb\":{\"@id\":\"https:\\\/\\\/gravador.ee\\\/kontakt\\\/#breadcrumb\"},\"inLanguage\":\"fi\",\"potentialAction\":[{\"@type\":\"ReadAction\",\"target\":[\"https:\\\/\\\/gravador.ee\\\/kontakt\\\/\"]}]},{\"@type\":\"BreadcrumbList\",\"@id\":\"https:\\\/\\\/gravador.ee\\\/kontakt\\\/#breadcrumb\",\"itemListElement\":[{\"@type\":\"ListItem\",\"position\":1,\"name\":\"Home\",\"item\":\"https:\\\/\\\/gravador.ee\\\/\"},{\"@type\":\"ListItem\",\"position\":2,\"name\":\"Kontakt\"}]},{\"@type\":\"WebSite\",\"@id\":\"https:\\\/\\\/gravador.ee\\\/#website\",\"url\":\"https:\\\/\\\/gravador.ee\\\/\",\"name\":\"Gravador\",\"description\":\"Graveerimine, sildid, auhinnad\",\"publisher\":{\"@id\":\"https:\\\/\\\/gravador.ee\\\/#organization\"},\"potentialAction\":[{\"@type\":\"SearchAction\",\"target\":{\"@type\":\"EntryPoint\",\"urlTemplate\":\"https:\\\/\\\/gravador.ee\\\/?s={search_term_string}\"},\"query-input\":{\"@type\":\"PropertyValueSpecification\",\"valueRequired\":true,\"valueName\":\"search_term_string\"}}],\"inLanguage\":\"fi\"},{\"@type\":\"Organization\",\"@id\":\"https:\\\/\\\/gravador.ee\\\/#organization\",\"name\":\"Gravador\",\"url\":\"https:\\\/\\\/gravador.ee\\\/\",\"logo\":{\"@type\":\"ImageObject\",\"inLanguage\":\"fi\",\"@id\":\"https:\\\/\\\/gravador.ee\\\/#\\\/schema\\\/logo\\\/image\\\/\",\"url\":\"https:\\\/\\\/gravador.ee\\\/wp-content\\\/uploads\\\/2020\\\/02\\\/gravador_logo_mk.png\",\"contentUrl\":\"https:\\\/\\\/gravador.ee\\\/wp-content\\\/uploads\\\/2020\\\/02\\\/gravador_logo_mk.png\",\"width\":612,\"height\":309,\"caption\":\"Gravador\"},\"image\":{\"@id\":\"https:\\\/\\\/gravador.ee\\\/#\\\/schema\\\/logo\\\/image\\\/\"}}]}<\/script>\n<!-- \/ Yoast SEO plugin. -->","yoast_head_json":{"title":"Kontakt ja hinnap\u00e4ring | Gravador","description":"V\u00f5ta Gravadoriga \u00fchendust k\u00fcsimuste, hinnap\u00e4ringu v\u00f5i eritellimuse osas. Asume Tallinnas ning pakume personaalset ja kiiret teenindust.","robots":{"index":"index","follow":"follow","max-snippet":"max-snippet:-1","max-image-preview":"max-image-preview:large","max-video-preview":"max-video-preview:-1"},"canonical":"https:\/\/gravador.ee\/fi\/kontakt\/","og_locale":"fi_FI","og_type":"article","og_title":"Kontakt ja hinnap\u00e4ring | Gravador","og_description":"V\u00f5ta Gravadoriga \u00fchendust k\u00fcsimuste, hinnap\u00e4ringu v\u00f5i eritellimuse osas. Asume Tallinnas ning pakume personaalset ja kiiret teenindust.","og_url":"https:\/\/gravador.ee\/fi\/kontakt\/","og_site_name":"Gravador","article_modified_time":"2026-01-27T06:26:52+00:00","twitter_card":"summary_large_image","twitter_misc":{"Arvioitu lukuaika":"1 minuutti"},"schema":{"@context":"https:\/\/schema.org","@graph":[{"@type":"WebPage","@id":"https:\/\/gravador.ee\/kontakt\/","url":"https:\/\/gravador.ee\/kontakt\/","name":"Kontakt ja hinnap\u00e4ring | Gravador","isPartOf":{"@id":"https:\/\/gravador.ee\/#website"},"datePublished":"2018-06-18T06:58:10+00:00","dateModified":"2026-01-27T06:26:52+00:00","description":"V\u00f5ta Gravadoriga \u00fchendust k\u00fcsimuste, hinnap\u00e4ringu v\u00f5i eritellimuse osas. Asume Tallinnas ning pakume personaalset ja kiiret teenindust.","breadcrumb":{"@id":"https:\/\/gravador.ee\/kontakt\/#breadcrumb"},"inLanguage":"fi","potentialAction":[{"@type":"ReadAction","target":["https:\/\/gravador.ee\/kontakt\/"]}]},{"@type":"BreadcrumbList","@id":"https:\/\/gravador.ee\/kontakt\/#breadcrumb","itemListElement":[{"@type":"ListItem","position":1,"name":"Home","item":"https:\/\/gravador.ee\/"},{"@type":"ListItem","position":2,"name":"Kontakt"}]},{"@type":"WebSite","@id":"https:\/\/gravador.ee\/#website","url":"https:\/\/gravador.ee\/","name":"Gravador","description":"Graveerimine, sildid, auhinnad","publisher":{"@id":"https:\/\/gravador.ee\/#organization"},"potentialAction":[{"@type":"SearchAction","target":{"@type":"EntryPoint","urlTemplate":"https:\/\/gravador.ee\/?s={search_term_string}"},"query-input":{"@type":"PropertyValueSpecification","valueRequired":true,"valueName":"search_term_string"}}],"inLanguage":"fi"},{"@type":"Organization","@id":"https:\/\/gravador.ee\/#organization","name":"Gravador","url":"https:\/\/gravador.ee\/","logo":{"@type":"ImageObject","inLanguage":"fi","@id":"https:\/\/gravador.ee\/#\/schema\/logo\/image\/","url":"https:\/\/gravador.ee\/wp-content\/uploads\/2020\/02\/gravador_logo_mk.png","contentUrl":"https:\/\/gravador.ee\/wp-content\/uploads\/2020\/02\/gravador_logo_mk.png","width":612,"height":309,"caption":"Gravador"},"image":{"@id":"https:\/\/gravador.ee\/#\/schema\/logo\/image\/"}}]}},"jetpack_sharing_enabled":true,"_links":{"self":[{"href":"https:\/\/gravador.ee\/fi\/wp-json\/wp\/v2\/pages\/15","targetHints":{"allow":["GET"]}}],"collection":[{"href":"https:\/\/gravador.ee\/fi\/wp-json\/wp\/v2\/pages"}],"about":[{"href":"https:\/\/gravador.ee\/fi\/wp-json\/wp\/v2\/types\/page"}],"author":[{"embeddable":true,"href":"https:\/\/gravador.ee\/fi\/wp-json\/wp\/v2\/users\/1"}],"replies":[{"embeddable":true,"href":"https:\/\/gravador.ee\/fi\/wp-json\/wp\/v2\/comments?post=15"}],"version-history":[{"count":12,"href":"https:\/\/gravador.ee\/fi\/wp-json\/wp\/v2\/pages\/15\/revisions"}],"predecessor-version":[{"id":4468,"href":"https:\/\/gravador.ee\/fi\/wp-json\/wp\/v2\/pages\/15\/revisions\/4468"}],"wp:attachment":[{"href":"https:\/\/gravador.ee\/fi\/wp-json\/wp\/v2\/media?parent=15"}],"curies":[{"name":"wp","href":"https:\/\/api.w.org\/{rel}","templated":true}]}}